{"id":79786,"date":"2019-08-16T11:38:54","date_gmt":"2019-08-16T09:38:54","guid":{"rendered":"https:\/\/undsgn.com\/uncode\/?page_id=79786"},"modified":"2022-05-19T14:42:35","modified_gmt":"2022-05-19T12:42:35","slug":"classic-banking","status":"publish","type":"page","link":"https:\/\/www.ep-die-autoglaserei.de\/","title":{"rendered":"Home"},"content":{"rendered":"<p>[vc_row row_height_percent=&#8220;100&#8243; override_padding=&#8220;yes&#8220; h_padding=&#8220;2&#8243; top_padding=&#8220;7&#8243; bottom_padding=&#8220;7&#8243; back_color=&#8220;color-nhtu&#8220; back_image=&#8220;83891&#8243; back_position=&#8220;center bottom&#8220; parallax=&#8220;yes&#8220; overlay_color=&#8220;color-nhtu&#8220; overlay_alpha=&#8220;25&#8243; gutter_size=&#8220;4&#8243; column_width_percent=&#8220;100&#8243; shift_y=&#8220;0&#8243; z_index=&#8220;0&#8243; enable_bottom_divider=&#8220;default&#8220; bottom_divider=&#8220;gradient&#8220; shape_bottom_h_use_pixel=&#8220;true&#8220; shape_bottom_height_percent=&#8220;50&#8243; shape_bottom_color=&#8220;color-nhtu&#8220; shape_bottom_opacity=&#8220;50&#8243; shape_bottom_index=&#8220;0&#8243;][vc_column column_width_percent=&#8220;100&#8243; position_vertical=&#8220;middle&#8220; gutter_size=&#8220;2&#8243; style=&#8220;dark&#8220; overlay_alpha=&#8220;50&#8243; shift_x=&#8220;0&#8243; shift_y=&#8220;0&#8243; shift_y_down=&#8220;0&#8243; z_index=&#8220;0&#8243; medium_width=&#8220;0&#8243; mobile_width=&#8220;0&#8243; width=&#8220;1\/1&#8243;][vc_row_inner row_inner_height_percent=&#8220;0&#8243; overlay_alpha=&#8220;50&#8243; gutter_size=&#8220;4&#8243; shift_y=&#8220;0&#8243; z_index=&#8220;0&#8243; limit_content=&#8220;&#8220;][vc_column_inner column_width_percent=&#8220;100&#8243; position_vertical=&#8220;middle&#8220; gutter_size=&#8220;2&#8243; style=&#8220;dark&#8220; overlay_alpha=&#8220;50&#8243; shift_x=&#8220;0&#8243; shift_y=&#8220;0&#8243; shift_y_down=&#8220;0&#8243; z_index=&#8220;0&#8243; medium_width=&#8220;0&#8243; mobile_width=&#8220;0&#8243; width=&#8220;7\/12&#8243;][vc_custom_heading heading_semantic=&#8220;h1&#8243; text_size=&#8220;h1&#8243; text_weight=&#8220;300&#8243; css_animation=&#8220;left-t-right&#8220; animation_delay=&#8220;400&#8243;]<b>Herzlich willkommen bei <\/b><\/p>\n<p><b>EP- die Autoglaserei<br \/>\n<\/b>[\/vc_custom_heading][vc_custom_heading text_size=&#8220;h3&#8243; text_weight=&#8220;300&#8243; css_animation=&#8220;zoom-in&#8220; mobile_visibility=&#8220;yes&#8220;]<\/p>\n<h3>Ihre Fachwerkstatt f\u00fcr Autoglas und Steinschlagreparatur. Unser Leistungsspektrum umfasst den Einbau von Windschutzscheiben, Seitenscheiben und Heckscheiben.<\/h3>\n<h3>Wir reparieren oder ersetzten Autoscheiben f\u00fcr alle Marken und Modelle.<br \/>\nZudem vermitteln wir Spezialisten im Bereich T\u00f6nungsfolien.<\/h3>\n<h3>Wir helfen Ihnen schnell und problemlos bei allen Autoglasscheiben.<\/h3>\n<p>[\/vc_custom_heading][vc_empty_space empty_h=&#8220;1&#8243;][\/vc_column_inner][vc_column_inner column_width_percent=&#8220;100&#8243; position_vertical=&#8220;middle&#8220; align_horizontal=&#8220;align_center&#8220; gutter_size=&#8220;1&#8243; font_family=&#8220;font-175345&#8243; back_color=&#8220;color-xsdn&#8220; overlay_alpha=&#8220;50&#8243; shift_x=&#8220;0&#8243; shift_y=&#8220;0&#8243; shift_y_down=&#8220;0&#8243; z_index=&#8220;0&#8243; medium_visibility=&#8220;yes&#8220; medium_width=&#8220;0&#8243; mobile_visibility=&#8220;yes&#8220; mobile_width=&#8220;0&#8243; css_animation=&#8220;zoom-in&#8220; animation_delay=&#8220;1400&#8243; radius=&#8220;sm&#8220; shadow=&#8220;lg&#8220; shadow_darker=&#8220;yes&#8220; width=&#8220;5\/12&#8243;][vc_empty_space empty_h=&#8220;1&#8243;][vc_custom_heading heading_semantic=&#8220;h5&#8243; text_weight=&#8220;300&#8243;]Kontaktieren Sie uns[\/vc_custom_heading][vc_column_text]Wir stehen Ihnen fachkundig zur Seite![\/vc_column_text][vc_empty_space empty_h=&#8220;2&#8243;]<div role=\"form\" class=\"wpcf7\" id=\"wpcf7-f81085-o1\" lang=\"en-US\" dir=\"ltr\">\n<div class=\"screen-reader-response\"><p role=\"status\" aria-live=\"polite\" aria-atomic=\"true\"><\/p> <ul><\/ul><\/div>\n<form action=\"\/index.php?rest_route=%2Fwp%2Fv2%2Fpages%2F79786#wpcf7-f81085-o1\" method=\"post\" class=\"wpcf7-form init\" novalidate=\"novalidate\" data-status=\"init\">\n<div style=\"display: none;\">\n<input type=\"hidden\" name=\"_wpcf7\" value=\"81085\" \/>\n<input type=\"hidden\" name=\"_wpcf7_version\" value=\"5.4.2\" \/>\n<input type=\"hidden\" name=\"_wpcf7_locale\" value=\"en_US\" \/>\n<input type=\"hidden\" name=\"_wpcf7_unit_tag\" value=\"wpcf7-f81085-o1\" \/>\n<input type=\"hidden\" name=\"_wpcf7_container_post\" value=\"0\" \/>\n<input type=\"hidden\" name=\"_wpcf7_posted_data_hash\" value=\"\" \/>\n<\/div>\n<div class=\"wpcf7-inline-wrapper\">\n<p class=\"wpcf7-inline-field\"><span class=\"wpcf7-form-control-wrap your-firstname\"><input type=\"text\" name=\"your-firstname\" value=\"\" size=\"40\" class=\"wpcf7-form-control wpcf7-text wpcf7-validates-as-required\" aria-required=\"true\" aria-invalid=\"false\" placeholder=\"Ihr Name\" \/><\/span><\/p>\n<p class=\"wpcf7-inline-field\"><span class=\"wpcf7-form-control-wrap your-email\"><input type=\"email\" name=\"your-email\" value=\"\" size=\"40\" class=\"wpcf7-form-control wpcf7-text wpcf7-email wpcf7-validates-as-required wpcf7-validates-as-email\" aria-required=\"true\" aria-invalid=\"false\" placeholder=\"E-Mail\" \/><\/span> <\/p>\n<p><br\/><\/p>\n<p class=\"wpcf7-inline-field\"><span class=\"wpcf7-form-control-wrap tel-744\"><input type=\"tel\" name=\"tel-744\" value=\"\" size=\"40\" class=\"wpcf7-form-control wpcf7-text wpcf7-tel wpcf7-validates-as-tel\" aria-invalid=\"false\" placeholder=\"Telefon\" \/><\/span> <\/p>\n<\/div>\n<p><span class=\"wpcf7-form-control-wrap quiz-991\"><label><span class=\"wpcf7-quiz-label\">Die Hauptstadt der BRD?<\/span> <input type=\"text\" name=\"quiz-991\" size=\"40\" class=\"wpcf7-form-control wpcf7-quiz\" autocomplete=\"off\" aria-required=\"true\" aria-invalid=\"false\" \/><\/label><input type=\"hidden\" name=\"_wpcf7_quiz_answer_quiz-991\" value=\"dcfcb1a0b1a83c9f8249215683ed2414\" \/><\/span><\/p>\n<p><span class=\"wpcf7-form-control-wrap your-message\"><textarea name=\"your-message\" cols=\"40\" rows=\"5\" class=\"wpcf7-form-control wpcf7-textarea\" aria-invalid=\"false\" placeholder=\"Ihre Nachricht\"><\/textarea><\/span> <\/p>\n<p><input type=\"submit\" value=\"Senden\" class=\"wpcf7-form-control wpcf7-submit btn btn-accent btn-lg btn-block btn-custom-typo font-175345 font-weight-400 btn-text-skin text-initial no-letterspace\" \/><\/p>\n<div class=\"wpcf7-response-output\" aria-hidden=\"true\"><\/div><\/form><\/div>[vc_empty_space empty_h=&#8220;1&#8243;][vc_column_text]ODER[\/vc_column_text][vc_button button_color=&#8220;color-210407&#8243; border_width=&#8220;0&#8243; link=&#8220;url:tel%3A%2B492327322384&#8243;]Rufen Sie uns an[\/vc_button][\/vc_column_inner][\/vc_row_inner][\/vc_column][\/vc_row][vc_row row_height_percent=&#8220;0&#8243; override_padding=&#8220;yes&#8220; h_padding=&#8220;2&#8243; top_padding=&#8220;7&#8243; bottom_padding=&#8220;7&#8243; overlay_alpha=&#8220;50&#8243; gutter_size=&#8220;3&#8243; column_width_percent=&#8220;100&#8243; shift_y=&#8220;0&#8243; z_index=&#8220;0&#8243; desktop_visibility=&#8220;yes&#8220; medium_visibility=&#8220;yes&#8220; mobile_visibility=&#8220;yes&#8220; inverted_device_order=&#8220;yes&#8220; auto_height_device=&#8220;yes&#8220;][vc_column column_width_percent=&#8220;100&#8243; gutter_size=&#8220;2&#8243; override_padding=&#8220;yes&#8220; column_padding=&#8220;0&#8243; overlay_alpha=&#8220;50&#8243; shift_x=&#8220;0&#8243; shift_y=&#8220;0&#8243; shift_y_down=&#8220;0&#8243; z_index=&#8220;0&#8243; medium_width=&#8220;0&#8243; mobile_width=&#8220;0&#8243; radius=&#8220;sm&#8220; width=&#8220;1\/1&#8243;][vc_row_inner row_inner_height_percent=&#8220;0&#8243; overlay_alpha=&#8220;50&#8243; gutter_size=&#8220;4&#8243; shift_y=&#8220;0&#8243; z_index=&#8220;0&#8243; limit_content=&#8220;&#8220;][vc_column_inner column_width_percent=&#8220;100&#8243; gutter_size=&#8220;3&#8243; font_family=&#8220;font-175345&#8243; overlay_alpha=&#8220;50&#8243; shift_x=&#8220;0&#8243; shift_y=&#8220;0&#8243; shift_y_down=&#8220;0&#8243; z_index=&#8220;0&#8243; medium_width=&#8220;3&#8243; mobile_width=&#8220;0&#8243; css_animation=&#8220;right-t-left&#8220; width=&#8220;1\/3&#8243;][vc_icon icon=&#8220;fa fa-strategy&#8220; icon_color=&#8220;accent&#8220; size=&#8220;fa-3x&#8220; text_weight=&#8220;300&#8243; title=&#8220;Punkt 1&#8243;]Als Betrieb mit Eintrag in der Handwerksrolle bieten wir Meisterqualit\u00e4t und das seit Jahrzehnten.<\/p>\n<p>[\/vc_icon][\/vc_column_inner][vc_column_inner column_width_percent=&#8220;100&#8243; gutter_size=&#8220;3&#8243; font_family=&#8220;font-175345&#8243; overlay_alpha=&#8220;50&#8243; shift_x=&#8220;0&#8243; shift_y=&#8220;0&#8243; shift_y_down=&#8220;0&#8243; z_index=&#8220;0&#8243; medium_width=&#8220;3&#8243; mobile_width=&#8220;0&#8243; css_animation=&#8220;right-t-left&#8220; animation_delay=&#8220;200&#8243; width=&#8220;1\/3&#8243;][vc_icon icon=&#8220;fa fa-circle-compass&#8220; icon_color=&#8220;accent&#8220; size=&#8220;fa-3x&#8220; text_weight=&#8220;300&#8243; title=&#8220;Punkt 2&#8243;]Wir \u00fcbernehmen den n\u00f6tigen Papierkram f\u00fcr Sie![\/vc_icon][\/vc_column_inner][vc_column_inner column_width_percent=&#8220;100&#8243; gutter_size=&#8220;3&#8243; font_family=&#8220;font-175345&#8243; overlay_alpha=&#8220;50&#8243; shift_x=&#8220;0&#8243; shift_y=&#8220;0&#8243; shift_y_down=&#8220;0&#8243; z_index=&#8220;0&#8243; medium_width=&#8220;3&#8243; mobile_width=&#8220;0&#8243; css_animation=&#8220;right-t-left&#8220; animation_delay=&#8220;400&#8243; width=&#8220;1\/3&#8243;][vc_icon icon=&#8220;fa fa-piechart&#8220; icon_color=&#8220;accent&#8220; size=&#8220;fa-3x&#8220; text_weight=&#8220;300&#8243; title=&#8220;Punkt 3&#8243;]Unser Anliegen ist es sie zufrieden zu stellen.<\/p>\n<p>Qualit\u00e4t ist unser Anspruch![\/vc_icon][\/vc_column_inner][\/vc_row_inner][\/vc_column][\/vc_row][vc_row unlock_row_content=&#8220;yes&#8220; row_height_percent=&#8220;0&#8243; override_padding=&#8220;yes&#8220; h_padding=&#8220;0&#8243; top_padding=&#8220;4&#8243; bottom_padding=&#8220;0&#8243; back_color=&#8220;color-lxmt&#8220; overlay_alpha=&#8220;50&#8243; equal_height=&#8220;yes&#8220; gutter_size=&#8220;0&#8243; column_width_percent=&#8220;100&#8243; shift_y=&#8220;0&#8243; z_index=&#8220;0&#8243; enable_top_divider=&#8220;default&#8220; top_divider_inv=&#8220;step_2_3&#8243; shape_top_invert=&#8220;yes&#8220; shape_top_h_use_pixel=&#8220;true&#8220; shape_top_height_percent=&#8220;100&#8243; shape_top_color=&#8220;color-210407&#8243; shape_top_opacity=&#8220;100&#8243; shape_top_index=&#8220;0&#8243; shape_top_responsive=&#8220;yes&#8220; shape_top_tablet_hide=&#8220;yes&#8220; shape_top_mobile_hide=&#8220;yes&#8220;][vc_column column_width_use_pixel=&#8220;yes&#8220; position_horizontal=&#8220;right&#8220; gutter_size=&#8220;3&#8243; override_padding=&#8220;yes&#8220; column_padding=&#8220;3&#8243; font_family=&#8220;font-175345&#8243; overlay_alpha=&#8220;50&#8243; shift_x=&#8220;0&#8243; shift_y=&#8220;0&#8243; shift_y_down=&#8220;0&#8243; z_index=&#8220;0&#8243; medium_width=&#8220;0&#8243; mobile_width=&#8220;0&#8243; css_animation=&#8220;bottom-t-top&#8220; animation_delay=&#8220;200&#8243; width=&#8220;7\/12&#8243; column_width_pixel=&#8220;652&#8243;][vc_custom_heading heading_semantic=&#8220;h3&#8243; text_weight=&#8220;300&#8243; css_animation=&#8220;zoom-in&#8220;]Eine besch\u00e4digte Windschutzscheibe verschlei\u00dft die Wischerbl\u00e4tter und beeintr\u00e4chtigt die Sicht.<\/p>\n<p>Eine besch\u00e4digte Windschutzscheibe kann ein Verkehrssicherheitsrisiko sein. Wenn die Windschutzscheibe Steinschl\u00e4ge oder sonstige Sch\u00e4den aufweist sollten Sie sich grunds\u00e4tzlich an uns wenden, um sie reparieren oder austauschen zu lassen.<\/p>\n<p>Wir arbeiten mit einem vom Hersteller freigegebenen OE-Klebersystem.<\/p>\n<p>Dieses System gew\u00e4hrleistet bei geklebten Scheiben eine Auslieferung des Fahrzeuges bereits nach 60 bis 90 Minuten Standzeit (witterungsabh\u00e4ngig).[\/vc_custom_heading][\/vc_column][vc_column column_width_percent=&#8220;100&#8243; gutter_size=&#8220;3&#8243; overlay_alpha=&#8220;50&#8243; shift_x=&#8220;0&#8243; shift_y=&#8220;0&#8243; shift_y_down=&#8220;0&#8243; z_index=&#8220;0&#8243; medium_width=&#8220;0&#8243; mobile_width=&#8220;0&#8243; width=&#8220;5\/12&#8243;][vc_single_image media=&#8220;83892&#8243; media_width_percent=&#8220;100&#8243; media_ratio=&#8220;three-two&#8220; shadow=&#8220;yes&#8220;][\/vc_column][\/vc_row][vc_row unlock_row_content=&#8220;yes&#8220; row_height_percent=&#8220;0&#8243; override_padding=&#8220;yes&#8220; h_padding=&#8220;0&#8243; top_padding=&#8220;4&#8243; bottom_padding=&#8220;0&#8243; back_color=&#8220;color-xsdn&#8220; overlay_alpha=&#8220;50&#8243; equal_height=&#8220;yes&#8220; gutter_size=&#8220;0&#8243; column_width_percent=&#8220;100&#8243; shift_y=&#8220;0&#8243; z_index=&#8220;0&#8243; enable_top_divider=&#8220;default&#8220; top_divider_inv=&#8220;step_3_4&#8243; shape_top_invert=&#8220;yes&#8220; shape_top_flip=&#8220;yes&#8220; shape_top_h_use_pixel=&#8220;true&#8220; shape_top_height_percent=&#8220;100&#8243; shape_top_color=&#8220;color-210407&#8243; shape_top_opacity=&#8220;100&#8243; shape_top_index=&#8220;0&#8243; shape_top_responsive=&#8220;yes&#8220; shape_top_tablet_hide=&#8220;yes&#8220; shape_top_mobile_hide=&#8220;yes&#8220; inverted_device_order=&#8220;yes&#8220;][vc_column column_width_percent=&#8220;100&#8243; gutter_size=&#8220;3&#8243; overlay_alpha=&#8220;50&#8243; shift_x=&#8220;0&#8243; shift_y=&#8220;0&#8243; shift_y_down=&#8220;0&#8243; z_index=&#8220;0&#8243; medium_width=&#8220;0&#8243; mobile_width=&#8220;0&#8243; width=&#8220;5\/12&#8243;][vc_single_image media=&#8220;83893&#8243; media_width_percent=&#8220;100&#8243; media_ratio=&#8220;three-two&#8220; shadow=&#8220;yes&#8220;][\/vc_column][vc_column column_width_use_pixel=&#8220;yes&#8220; position_horizontal=&#8220;left&#8220; gutter_size=&#8220;3&#8243; override_padding=&#8220;yes&#8220; column_padding=&#8220;3&#8243; font_family=&#8220;font-175345&#8243; overlay_alpha=&#8220;50&#8243; shift_x=&#8220;0&#8243; shift_y=&#8220;0&#8243; shift_y_down=&#8220;0&#8243; z_index=&#8220;0&#8243; medium_width=&#8220;0&#8243; mobile_width=&#8220;0&#8243; css_animation=&#8220;bottom-t-top&#8220; animation_delay=&#8220;200&#8243; width=&#8220;7\/12&#8243; column_width_pixel=&#8220;652&#8243;][vc_custom_heading heading_semantic=&#8220;h3&#8243; text_weight=&#8220;300&#8243; css_animation=&#8220;zoom-out&#8220;]Kleinere Besch\u00e4digungen an der Windschutzscheibe sind reparabel.<\/p>\n<p>Ihr Vorteil: Bei solchen Reparaturen \u00fcbernimmt die Versicherung die kompletten Kosten.<\/p>\n<p>Sollte eine Reparatur nicht mehr m\u00f6glich sein, sorgen wir umgehend f\u00fcr Ersatz.<\/p>\n<p>Wir nutzen modernste Technik und arbeiten mit der n\u00f6tigen Sorgfalt, damit Sie wieder ein uneingeschr\u00e4nktes Fahrgef\u00fchl erhalten.<\/p>\n<p>Nutzen Sie die Gelegenheit, ein detailliertes Angebot kurzfristig zu erfragen![\/vc_custom_heading][\/vc_column][\/vc_row][vc_row row_height_percent=&#8220;0&#8243; overlay_color=&#8220;color-gyho&#8220; overlay_alpha=&#8220;50&#8243; gutter_size=&#8220;3&#8243; column_width_percent=&#8220;100&#8243; shift_y=&#8220;0&#8243; z_index=&#8220;0&#8243;][vc_column width=&#8220;1\/1&#8243;][vc_empty_space empty_h=&#8220;2&#8243;][\/vc_column][\/vc_row][vc_row row_height_percent=&#8220;0&#8243; override_padding=&#8220;yes&#8220; h_padding=&#8220;2&#8243; top_padding=&#8220;7&#8243; bottom_padding=&#8220;7&#8243; back_color=&#8220;color-nhtu&#8220; back_image=&#8220;83845&#8243; parallax=&#8220;yes&#8220; overlay_color=&#8220;color-xsdn&#8220; overlay_alpha=&#8220;20&#8243; gutter_size=&#8220;3&#8243; column_width_percent=&#8220;100&#8243; shift_y=&#8220;0&#8243; z_index=&#8220;0&#8243; enable_bottom_divider=&#8220;default&#8220; shape_bottom_h_use_pixel=&#8220;&#8220; shape_bottom_height=&#8220;108&#8243; shape_bottom_color=&#8220;color-210407&#8243; shape_bottom_opacity=&#8220;100&#8243; shape_bottom_safe=&#8220;yes&#8220; shape_bottom_index=&#8220;0&#8243;][vc_column column_width_percent=&#8220;100&#8243; position_vertical=&#8220;middle&#8220; gutter_size=&#8220;3&#8243; override_padding=&#8220;yes&#8220; column_padding=&#8220;0&#8243; style=&#8220;dark&#8220; overlay_alpha=&#8220;50&#8243; shift_x=&#8220;0&#8243; shift_y=&#8220;0&#8243; shift_y_down=&#8220;0&#8243; z_index=&#8220;0&#8243; medium_width=&#8220;0&#8243; mobile_width=&#8220;0&#8243; radius=&#8220;sm&#8220; width=&#8220;1\/1&#8243;][vc_row_inner row_inner_height_percent=&#8220;0&#8243; overlay_alpha=&#8220;50&#8243; gutter_size=&#8220;4&#8243; shift_y=&#8220;0&#8243; z_index=&#8220;0&#8243; limit_content=&#8220;&#8220;][vc_column_inner column_width_percent=&#8220;100&#8243; gutter_size=&#8220;3&#8243; style=&#8220;dark&#8220; overlay_alpha=&#8220;50&#8243; shift_x=&#8220;0&#8243; shift_y=&#8220;0&#8243; shift_y_down=&#8220;0&#8243; z_index=&#8220;0&#8243; medium_width=&#8220;5&#8243; mobile_width=&#8220;0&#8243; width=&#8220;2\/3&#8243;][vc_custom_heading heading_semantic=&#8220;h5&#8243; text_size=&#8220;h1&#8243; text_weight=&#8220;300&#8243; css_animation=&#8220;curtain&#8220; animation_delay=&#8220;200&#8243;]<\/p>\n<div id=\"c184\" class=\"csc-default\">\n<div class=\"csc-header csc-header-n1\">\n<h1 class=\"csc-firstHeader\">\u00dcberzeugen Sie sich von unserer Arbeit\u2026<\/h1>\n<\/div>\n<p class=\"bodytext\">Sollte es einmal zu Problemen kommen, sind wir jederzeit f\u00fcr Sie da und stehen Ihnen auch nach dem Einbau fachkundig zur Seite, versprochen!<\/p>\n<\/div>\n<p>[\/vc_custom_heading][vc_empty_space empty_h=&#8220;2&#8243;][\/vc_column_inner][vc_column_inner column_width_percent=&#8220;100&#8243; gutter_size=&#8220;3&#8243; overlay_alpha=&#8220;50&#8243; shift_x=&#8220;0&#8243; shift_y=&#8220;0&#8243; shift_y_down=&#8220;0&#8243; z_index=&#8220;0&#8243; medium_width=&#8220;0&#8243; mobile_visibility=&#8220;yes&#8220; mobile_width=&#8220;0&#8243; width=&#8220;1\/3&#8243;][\/vc_column_inner][\/vc_row_inner][\/vc_column][\/vc_row][vc_row row_height_percent=&#8220;0&#8243; override_padding=&#8220;yes&#8220; h_padding=&#8220;2&#8243; top_padding=&#8220;5&#8243; bottom_padding=&#8220;0&#8243; back_color=&#8220;accent&#8220; overlay_alpha=&#8220;50&#8243; gutter_size=&#8220;3&#8243; column_width_percent=&#8220;100&#8243; shift_y=&#8220;0&#8243; z_index=&#8220;2&#8243; enable_bottom_divider=&#8220;default&#8220; bottom_divider=&#8220;step&#8220; shape_bottom_h_use_pixel=&#8220;true&#8220; shape_bottom_height_percent=&#8220;50&#8243; shape_bottom_color=&#8220;color-rgdb&#8220; shape_bottom_opacity=&#8220;100&#8243; shape_bottom_index=&#8220;0&#8243;][vc_column column_width_percent=&#8220;100&#8243; gutter_size=&#8220;3&#8243; override_padding=&#8220;yes&#8220; column_padding=&#8220;3&#8243; back_color=&#8220;color-gyho&#8220; overlay_alpha=&#8220;50&#8243; shift_x=&#8220;0&#8243; shift_y=&#8220;0&#8243; shift_y_down=&#8220;0&#8243; z_index=&#8220;0&#8243; medium_width=&#8220;0&#8243; mobile_width=&#8220;0&#8243; radius=&#8220;xs&#8220; shadow=&#8220;xl&#8220; shadow_darker=&#8220;yes&#8220; width=&#8220;1\/1&#8243;][vc_row_inner limit_content=&#8220;&#8220;][vc_column_inner column_width_percent=&#8220;100&#8243; gutter_size=&#8220;3&#8243; style=&#8220;dark&#8220; overlay_alpha=&#8220;50&#8243; shift_x=&#8220;0&#8243; shift_y=&#8220;0&#8243; shift_y_down=&#8220;0&#8243; z_index=&#8220;0&#8243; medium_width=&#8220;5&#8243; mobile_width=&#8220;0&#8243; width=&#8220;1\/4&#8243;][vc_empty_space empty_h=&#8220;3&#8243; mobile_visibility=&#8220;yes&#8220;][vc_custom_heading heading_semantic=&#8220;h4&#8243; text_size=&#8220;h1&#8243; text_weight=&#8220;300&#8243; text_color=&#8220;color-jevc&#8220; css_animation=&#8220;zoom-in&#8220;]Vereinbaren Sie einen Termin[\/vc_custom_heading][vc_empty_space empty_h=&#8220;3&#8243; mobile_visibility=&#8220;yes&#8220;][\/vc_column_inner][vc_column_inner column_width_percent=&#8220;100&#8243; position_horizontal=&#8220;right&#8220; gutter_size=&#8220;3&#8243; overlay_alpha=&#8220;50&#8243; shift_x=&#8220;0&#8243; shift_y=&#8220;0&#8243; shift_y_down=&#8220;0&#8243; z_index=&#8220;0&#8243; medium_width=&#8220;0&#8243; mobile_width=&#8220;0&#8243; width=&#8220;3\/4&#8243;][vc_custom_heading text_color=&#8220;color-xsdn&#8220;]<\/p>\n<div class=\"QsDR1c\">\n<div class=\"wDYxhc\" lang=\"de-DE\" data-attrid=\"kc:\/location\/location:address\" data-md=\"1002\" data-hveid=\"CCsQAA\" data-ved=\"2ahUKEwjvvN2v_J7zAhWpgP0HHeb0DngQkCl6BAgrEAA\">\n<div class=\"Z1hOCe\">\n<div data-dtype=\"d3ifr\" data-local-attribute=\"d3adr\" data-ved=\"2ahUKEwjvvN2v_J7zAhWpgP0HHeb0DngQghwoAHoECCsQAQ\">\n<h2 class=\"qrShPb kno-ecr-pt PZPZlf mfMhoc EaHP9c\" data-dtype=\"d3ifr\" data-local-attribute=\"d3bn\" data-attrid=\"title\" data-ved=\"2ahUKEwjvvN2v_J7zAhWpgP0HHeb0DngQ3B0oAXoECEwQAg\">E&amp;P-Die Autoglaserei<\/h2>\n<\/div>\n<h4 class=\"zloOqf PZPZlf\" data-dtype=\"d3ifr\" data-local-attribute=\"d3adr\" data-ved=\"2ahUKEwjvvN2v_J7zAhWpgP0HHeb0DngQghwoAHoECCsQAQ\"><span class=\"GRkHZd w8qArf\">Adresse:<\/span><\/h4>\n<div class=\"zloOqf PZPZlf\" data-dtype=\"d3ifr\" data-local-attribute=\"d3adr\" data-ved=\"2ahUKEwjvvN2v_J7zAhWpgP0HHeb0DngQghwoAHoECCsQAQ\">\n<h4><span class=\"LrzXr\">Krayer Str. 48 C, 44866 Bochum<\/span><\/h4>\n<div class=\"zloOqf PZPZlf\">\n<h4><span class=\"GRkHZd w8qArf\">\u00d6ffnungszeiten:<\/span><\/h4>\n<h4>Montag &#8211; Donnerstag: 08:00 Uhr &#8211; 17:00 Uhr<\/h4>\n<h4>Freitag: 08:00 Uhr &#8211; 16:00 Uhr<\/h4>\n<h4>Samstag: Nach Vereinbarung<\/h4>\n<div class=\"bJpcZ\">\n<div class=\"vk_bk h-n\" tabindex=\"0\" role=\"button\" aria-expanded=\"false\" data-ved=\"2ahUKEwjvvN2v_J7zAhWpgP0HHeb0DngQoT56BAguEAM\">\n<h4><span class=\"GRkHZd w8qArf\">Telefon: <\/span><span class=\"LrzXr zdqRlf kno-fv\"><span aria-label=\"02327 322384 anrufen\">02327 322384<\/span><\/span><\/h4>\n<p><strong>ep-die-autoglaserei@web.de<\/strong><\/p>\n<\/div>\n<h4><a href=\"https:\/\/www.ep-die-autoglaserei.de\/?page_id=83873\">Impressum <\/a><a href=\"https:\/\/www.ep-die-autoglaserei.de\/?page_id=83875\">Datenschutz<\/a><\/h4>\n<\/div>\n<\/div>\n<\/div>\n<\/div>\n<\/div>\n<\/div>\n<p>[\/vc_custom_heading][\/vc_column_inner][\/vc_row_inner][\/vc_column][\/vc_row]<\/p>\n","protected":false},"excerpt":{"rendered":"<p>[vc_row row_height_percent=&#8220;100&#8243; override_padding=&#8220;yes&#8220; h_padding=&#8220;2&#8243; top_padding=&#8220;7&#8243; bottom_padding=&#8220;7&#8243; back_color=&#8220;color-nhtu&#8220; back_image=&#8220;83891&#8243; back_position=&#8220;center bottom&#8220; parallax=&#8220;yes&#8220; overlay_color=&#8220;color-nhtu&#8220; overlay_alpha=&#8220;25&#8243; gutter_size=&#8220;4&#8243; column_width_percent=&#8220;100&#8243; shift_y=&#8220;0&#8243; z_index=&#8220;0&#8243; enable_bottom_divider=&#8220;default&#8220; bottom_divider=&#8220;gradient&#8220; shape_bottom_h_use_pixel=&#8220;true&#8220; [&hellip;]<\/p>\n","protected":false},"author":1,"featured_media":81629,"parent":0,"menu_order":0,"comment_status":"closed","ping_status":"closed","template":"","meta":{"footnotes":""},"class_list":["post-79786","page","type-page","status-publish","has-post-thumbnail","hentry","page_category-classic"],"_links":{"self":[{"href":"https:\/\/www.ep-die-autoglaserei.de\/index.php?rest_route=\/wp\/v2\/pages\/79786","targetHints":{"allow":["GET"]}}],"collection":[{"href":"https:\/\/www.ep-die-autoglaserei.de\/index.php?rest_route=\/wp\/v2\/pages"}],"about":[{"href":"https:\/\/www.ep-die-autoglaserei.de\/index.php?rest_route=\/wp\/v2\/types\/page"}],"author":[{"embeddable":true,"href":"https:\/\/www.ep-die-autoglaserei.de\/index.php?rest_route=\/wp\/v2\/users\/1"}],"replies":[{"embeddable":true,"href":"https:\/\/www.ep-die-autoglaserei.de\/index.php?rest_route=%2Fwp%2Fv2%2Fcomments&post=79786"}],"version-history":[{"count":59,"href":"https:\/\/www.ep-die-autoglaserei.de\/index.php?rest_route=\/wp\/v2\/pages\/79786\/revisions"}],"predecessor-version":[{"id":83922,"href":"https:\/\/www.ep-die-autoglaserei.de\/index.php?rest_route=\/wp\/v2\/pages\/79786\/revisions\/83922"}],"wp:featuredmedia":[{"embeddable":true,"href":"https:\/\/www.ep-die-autoglaserei.de\/index.php?rest_route=\/wp\/v2\/media\/81629"}],"wp:attachment":[{"href":"https:\/\/www.ep-die-autoglaserei.de\/index.php?rest_route=%2Fwp%2Fv2%2Fmedia&parent=79786"}],"curies":[{"name":"wp","href":"https:\/\/api.w.org\/{rel}","templated":true}]}}